{"id":3,"date":"2023-02-16T10:00:19","date_gmt":"2023-02-16T10:00:19","guid":{"rendered":"https:\/\/indainiciativas.com\/?page_id=3"},"modified":"2024-07-01T08:34:46","modified_gmt":"2024-07-01T06:34:46","slug":"politica-privacidade","status":"publish","type":"page","link":"https:\/\/indainiciativas.com\/es\/politica-privacidade\/","title":{"rendered":"Pol\u00edtica de privacidad"},"content":{"rendered":"<p class=\" translation-block\"><strong>INDA Iniciativas, S. L.<\/strong> se compromete a guardar la m\u00e1xima confidencialidad en relaci\u00f3n con la informaci\u00f3n de cualquier clase recibida de sus clientes, as\u00ed como sobre las relaciones con estos. Conforme a lo dispuesto en el Reglamento (UE) 2016\/679 (Reglamento general de protecci\u00f3n de datos) y en la Ley org\u00e1nica 3\/2018 de 5 de diciembre, de Protecci\u00f3n de datos personales y garant\u00eda de los derechos digitales, los datos de cada cliente se incorporar\u00e1n a un fichero de datos que \u00fanicamente se utilizar\u00e1 para comunicarse con el propio cliente, en relaci\u00f3n con los servicios que <strong>INDA Iniciativas, S. L.<\/strong> preste a este, y se conservar\u00e1 solo en la medida en que sea necesario para la prestaci\u00f3n de esos servicios y los requisitos legales establecidos. En ning\u00fan caso se facilitar\u00e1n los datos de un cliente a ninguna otra persona f\u00edsica ni jur\u00eddica, ni a ninguno del resto de los clientes. Sus datos personales se conservar\u00e1n durante el periodo de su relaci\u00f3n con <strong>INDA Iniciativas, S. L. <\/strong>y, una vez finalizada esta, se mantendr\u00e1n debidamente bloqueados durante el plazo de prescripci\u00f3n de cualquier responsabilidad que pudiera derivarse del tratamiento y solo se pondr\u00e1n a disposici\u00f3n de las administraciones p\u00fablicas, jueces y tribunales competentes. En cualquier momento podr\u00e1 usted ejercer sus derechos de acceso, rectificaci\u00f3n, supresi\u00f3n, limitaci\u00f3n, portabilidad de datos y oposici\u00f3n al tratamiento, incluidas las decisiones individuales automatizadas, dirigi\u00e9ndose por escrito a la siguiente direcci\u00f3n de correo electr\u00f3nico: info@indainiciativas.com. Tambi\u00e9n le informamos que tiene el derecho de presentar una queja ante la Agencia Espa\u00f1ola de Protecci\u00f3n de Datos (AEPD) si <strong>INDA Iniciativas, S. L. <\/strong>non cumpliera con sus obligacions en materia de protecci\u00f3n de datos.<\/p>\n<h3>Propiedad intelectual<\/h3>\n<p class=\" translation-block\"><strong>INDA Iniciativas, S. L.<\/strong> es la propietaria de este sitio web y la responsable de sus contenidos. No se hace responsable, sin embargo, de los contenidos a los que las personas usuarias puedan acceder a trav\u00e9s de enlaces de terceros que se incluyan en el sitio web. <br>\nDise\u00f1o web realizado a partir de X Theme con licencia. Im\u00e1genes de Freepik usadas con licencia. Fotograf\u00edas retocadas de J. L. Cernadas (CC BY 2.0) y Edmar Lastra (CC BY-SA 3.0 ES).<\/p>","protected":false},"excerpt":{"rendered":"<p>INDA Iniciativas, S. L. comprom\u00e9tese a gardar a m\u00e1xima confidencialidade [&hellip;]<\/p>","protected":false},"author":1,"featured_media":0,"parent":0,"menu_order":0,"comment_status":"closed","ping_status":"open","template":"","meta":{"footnotes":""},"class_list":["post-3","page","type-page","status-publish","hentry"],"_links":{"self":[{"href":"https:\/\/indainiciativas.com\/es\/wp-json\/wp\/v2\/pages\/3","targetHints":{"allow":["GET"]}}],"collection":[{"href":"https:\/\/indainiciativas.com\/es\/wp-json\/wp\/v2\/pages"}],"about":[{"href":"https:\/\/indainiciativas.com\/es\/wp-json\/wp\/v2\/types\/page"}],"author":[{"embeddable":true,"href":"https:\/\/indainiciativas.com\/es\/wp-json\/wp\/v2\/users\/1"}],"replies":[{"embeddable":true,"href":"https:\/\/indainiciativas.com\/es\/wp-json\/wp\/v2\/comments?post=3"}],"version-history":[{"count":4,"href":"https:\/\/indainiciativas.com\/es\/wp-json\/wp\/v2\/pages\/3\/revisions"}],"predecessor-version":[{"id":5908,"href":"https:\/\/indainiciativas.com\/es\/wp-json\/wp\/v2\/pages\/3\/revisions\/5908"}],"wp:attachment":[{"href":"https:\/\/indainiciativas.com\/es\/wp-json\/wp\/v2\/media?parent=3"}],"curies":[{"name":"wp","href":"https:\/\/api.w.org\/{rel}","templated":true}]}}