{"id":5642,"date":"2024-02-22T08:59:26","date_gmt":"2024-02-22T07:59:26","guid":{"rendered":"https:\/\/indainiciativas.com\/?page_id=5642"},"modified":"2024-07-01T08:35:08","modified_gmt":"2024-07-01T06:35:08","slug":"aviso-legal","status":"publish","type":"page","link":"https:\/\/indainiciativas.com\/es\/aviso-legal\/","title":{"rendered":"Aviso legal"},"content":{"rendered":"<p class=\" translation-block\">La presente web es propiedad de <strong>INDA Iniciativas, S. L.,<\/strong> NIF B-70398078, sociedad inscrita en el Registro Mercantil de A Coru\u00f1a, domiciliada en Vilaverde 25, 15189 Culleredo, A Coru\u00f1a (Galicia, Espa\u00f1a), que se dedica a realizar servicios de asesoramiento, gesti\u00f3n y ejecuci\u00f3n de ayudas y subvenciones, cursos de formaci\u00f3n y organizaci\u00f3n de actividades. La mera utilizaci\u00f3n del sitio web por parte de cualquier usuario implica la plena aceptaci\u00f3n por este de todas las condiciones expuestas en este aviso legal. En caso de que, por alguna raz\u00f3n, el usuario no est\u00e9 de acuerdo con esas condiciones, deber\u00e1 abandonar el sitio web sin hacer uso de sus contenidos. Igualmente, el usuario se compromete a respetar la legislaci\u00f3n vigente, y en particular lo dispuesto en la ley 34\/2002, de 11 de julio, sobre servicios de la sociedad de la informaci\u00f3n y de comercio electr\u00f3nico. El presente sitio web es de car\u00e1cter informativo orientado a los negocios, y puede ser visitado por cualquiera que lo desee, sin m\u00e1s limitaci\u00f3n que el sometimiento a la ley y a las normas de este, que podr\u00e1n ser modificadas sin previo aviso, con la \u00fanica condici\u00f3n de que aparezcan reflejadas en este texto o en el que como consecuencia del cambio lo sustituyese. El propietario del sitio web podr\u00e1 excluir del acceso a este a toda persona f\u00edsica o jur\u00eddica que contravenga lo especificado en este aviso legal, sin que sean necesarias a este respecto explicaciones de ning\u00fan tipo. El simple comportamiento del usuario que indique la no aceptaci\u00f3n de las condiciones de este documento o que contravenga la ley ser\u00e1 causa suficiente de exclusi\u00f3n del acceso a este sitio web. En ning\u00fan caso ser\u00e1 el propietario del sitio responsable de los contenidos de otros sitios web a los que se acceda mediante enlaces existentes en este, ni de los da\u00f1os o p\u00e9rdidas que pueda sufrir un usuario al seguir los enlaces existentes en el sitio.<\/p>","protected":false},"excerpt":{"rendered":"<p>Esta web \u00e9 propiedade de INDA Iniciativas, S. L., NIF [&hellip;]<\/p>","protected":false},"author":1,"featured_media":0,"parent":0,"menu_order":0,"comment_status":"closed","ping_status":"closed","template":"","meta":{"footnotes":""},"class_list":["post-5642","page","type-page","status-publish","hentry"],"_links":{"self":[{"href":"https:\/\/indainiciativas.com\/es\/wp-json\/wp\/v2\/pages\/5642","targetHints":{"allow":["GET"]}}],"collection":[{"href":"https:\/\/indainiciativas.com\/es\/wp-json\/wp\/v2\/pages"}],"about":[{"href":"https:\/\/indainiciativas.com\/es\/wp-json\/wp\/v2\/types\/page"}],"author":[{"embeddable":true,"href":"https:\/\/indainiciativas.com\/es\/wp-json\/wp\/v2\/users\/1"}],"replies":[{"embeddable":true,"href":"https:\/\/indainiciativas.com\/es\/wp-json\/wp\/v2\/comments?post=5642"}],"version-history":[{"count":4,"href":"https:\/\/indainiciativas.com\/es\/wp-json\/wp\/v2\/pages\/5642\/revisions"}],"predecessor-version":[{"id":5928,"href":"https:\/\/indainiciativas.com\/es\/wp-json\/wp\/v2\/pages\/5642\/revisions\/5928"}],"wp:attachment":[{"href":"https:\/\/indainiciativas.com\/es\/wp-json\/wp\/v2\/media?parent=5642"}],"curies":[{"name":"wp","href":"https:\/\/api.w.org\/{rel}","templated":true}]}}